{"id":2003,"date":"2023-09-29T14:35:30","date_gmt":"2023-09-29T07:35:30","guid":{"rendered":"https:\/\/khachsan.svshop.vn\/?page_id=2003"},"modified":"2023-09-30T10:41:13","modified_gmt":"2023-09-30T03:41:13","slug":"khuyen-mai","status":"publish","type":"page","link":"https:\/\/khachsan.svshop.vn\/index.php\/khuyen-mai\/","title":{"rendered":"khuy\u1ebfn m\u00e3i"},"content":{"rendered":"\t\t<div data-elementor-type=\"wp-page\" data-elementor-id=\"2003\" class=\"elementor elementor-2003\">\n\t\t\t\t\t\t<section class=\"elementor-section elementor-top-section elementor-element elementor-element-1559c78 elementor-section-boxed elementor-section-height-default elementor-section-height-default\" data-id=\"1559c78\" data-element_type=\"section\">\n\t\t\t\t\t\t<div class=\"elementor-container elementor-column-gap-default\">\n\t\t\t\t\t<div class=\"elementor-column elementor-col-100 elementor-top-column elementor-element elementor-element-852af1a\" data-id=\"852af1a\" data-element_type=\"column\">\n\t\t\t<div class=\"elementor-widget-wrap\">\n\t\t\t\t\t\t\t<\/div>\n\t\t<\/div>\n\t\t\t\t\t<\/div>\n\t\t<\/section>\n\t\t\t\t<section class=\"elementor-section elementor-top-section elementor-element elementor-element-18c729f animated-slow elementor-section-boxed elementor-section-height-default elementor-section-height-default elementor-invisible\" data-id=\"18c729f\" data-element_type=\"section\" data-settings=\"{&quot;animation&quot;:&quot;fadeIn&quot;}\">\n\t\t\t\t\t\t<div class=\"elementor-container elementor-column-gap-default\">\n\t\t\t\t\t<div class=\"elementor-column elementor-col-50 elementor-top-column elementor-element elementor-element-9d08d4c\" data-id=\"9d08d4c\" data-element_type=\"column\">\n\t\t\t<div class=\"elementor-widget-wrap elementor-element-populated\">\n\t\t\t\t\t\t<div class=\"elementor-element elementor-element-3b05803 elementor-widget elementor-widget-image\" data-id=\"3b05803\" data-element_type=\"widget\" data-widget_type=\"image.default\">\n\t\t\t\t<div class=\"elementor-widget-container\">\n\t\t\t\t\t\t\t\t\t\t\t\t\t\t\t\t<a href=\"https:\/\/khachsan.svshop.vn\/index.php\/tiec-cuoi\/\">\n\t\t\t\t\t\t\t<img fetchpriority=\"high\" decoding=\"async\" width=\"1024\" height=\"680\" src=\"https:\/\/khachsan.svshop.vn\/wp-content\/uploads\/2023\/09\/Screenshot2023-03-15at14.27.24-2-1024x680.png\" class=\"attachment-large size-large wp-image-2036\" alt=\"\" srcset=\"https:\/\/khachsan.svshop.vn\/wp-content\/uploads\/2023\/09\/Screenshot2023-03-15at14.27.24-2-1024x680.png 1024w, https:\/\/khachsan.svshop.vn\/wp-content\/uploads\/2023\/09\/Screenshot2023-03-15at14.27.24-2-300x199.png 300w, https:\/\/khachsan.svshop.vn\/wp-content\/uploads\/2023\/09\/Screenshot2023-03-15at14.27.24-2-768x510.png 768w, https:\/\/khachsan.svshop.vn\/wp-content\/uploads\/2023\/09\/Screenshot2023-03-15at14.27.24-2-1536x1021.png 1536w, https:\/\/khachsan.svshop.vn\/wp-content\/uploads\/2023\/09\/Screenshot2023-03-15at14.27.24-2-2048x1361.png 2048w, https:\/\/khachsan.svshop.vn\/wp-content\/uploads\/2023\/09\/Screenshot2023-03-15at14.27.24-2-600x399.png 600w\" sizes=\"(max-width: 1024px) 100vw, 1024px\" \/>\t\t\t\t\t\t\t\t<\/a>\n\t\t\t\t\t\t\t\t\t\t\t\t\t\t\t<\/div>\n\t\t\t\t<\/div>\n\t\t\t\t\t<\/div>\n\t\t<\/div>\n\t\t\t\t<div class=\"elementor-column elementor-col-50 elementor-top-column elementor-element elementor-element-76cfd13\" data-id=\"76cfd13\" data-element_type=\"column\">\n\t\t\t<div class=\"elementor-widget-wrap elementor-element-populated\">\n\t\t\t\t\t\t<div class=\"elementor-element elementor-element-056186a elementor-widget elementor-widget-heading\" data-id=\"056186a\" data-element_type=\"widget\" data-widget_type=\"heading.default\">\n\t\t\t\t<div class=\"elementor-widget-container\">\n\t\t\t\t\t<h2 class=\"elementor-heading-title elementor-size-default\"><a href=\"https:\/\/khachsan.svshop.vn\/index.php\/tiec-cuoi\/\">Ti\u1ec7c c\u01b0\u1edbi tr\u1ecdn g\u00f3i<\/a><\/h2>\t\t\t\t<\/div>\n\t\t\t\t<\/div>\n\t\t\t\t<div class=\"elementor-element elementor-element-e0e629f elementor-widget elementor-widget-text-editor\" data-id=\"e0e629f\" data-element_type=\"widget\" data-widget_type=\"text-editor.default\">\n\t\t\t\t<div class=\"elementor-widget-container\">\n\t\t\t\t\t\t\t\t\t<p>H\u00f4n nh\u00e2n \u0111\u01b0\u1ee3c \u0111\u00e1nh d\u1ea5u ch\u00ednh th\u1ee9c v\u00e0o th\u1eddi kh\u1eafc n\u00e0ng kho\u00e1c tr\u00ean m\u00ecnh chi\u1ebfc v\u00e1y c\u01b0\u1edbi \u0111\u1eb9p nh\u1ea5t, c\u00f9ng ch\u00e0ng h\u1ea1nh ph\u00fac ti\u1ebfn v\u1ec1 l\u1ec5 \u0111\u01b0\u1eddng trong s\u1ef1 ch\u1ee9ng ki\u1ebfn c\u1ee7a ng\u01b0\u1eddi th\u00e2n, b\u1ea1n b\u00e8.<\/p><div id=\"gtx-trans\" style=\"position: absolute; left: -19px; top: -2.66667px;\"><div class=\"gtx-trans-icon\">\u00a0<\/div><\/div>\t\t\t\t\t\t\t\t<\/div>\n\t\t\t\t<\/div>\n\t\t\t\t\t<\/div>\n\t\t<\/div>\n\t\t\t\t\t<\/div>\n\t\t<\/section>\n\t\t\t\t<section class=\"elementor-section elementor-top-section elementor-element elementor-element-095f11c animated-slow elementor-section-boxed elementor-section-height-default elementor-section-height-default elementor-invisible\" data-id=\"095f11c\" data-element_type=\"section\" data-settings=\"{&quot;animation&quot;:&quot;fadeIn&quot;}\">\n\t\t\t\t\t\t<div class=\"elementor-container elementor-column-gap-default\">\n\t\t\t\t\t<div class=\"elementor-column elementor-col-50 elementor-top-column elementor-element elementor-element-6832472\" data-id=\"6832472\" data-element_type=\"column\">\n\t\t\t<div class=\"elementor-widget-wrap elementor-element-populated\">\n\t\t\t\t\t\t<div class=\"elementor-element elementor-element-77bdfa2 elementor-widget elementor-widget-image\" data-id=\"77bdfa2\" data-element_type=\"widget\" data-widget_type=\"image.default\">\n\t\t\t\t<div class=\"elementor-widget-container\">\n\t\t\t\t\t\t\t\t\t\t\t\t\t\t\t\t<a href=\"https:\/\/khachsan.svshop.vn\/index.php\/hoi-nghi\/\">\n\t\t\t\t\t\t\t<img decoding=\"async\" width=\"640\" height=\"480\" src=\"https:\/\/khachsan.svshop.vn\/wp-content\/uploads\/2023\/09\/sanh-Lys-e1534178632619-640x480-1.jpg\" class=\"attachment-large size-large wp-image-2033\" alt=\"\" srcset=\"https:\/\/khachsan.svshop.vn\/wp-content\/uploads\/2023\/09\/sanh-Lys-e1534178632619-640x480-1.jpg 640w, https:\/\/khachsan.svshop.vn\/wp-content\/uploads\/2023\/09\/sanh-Lys-e1534178632619-640x480-1-300x225.jpg 300w, https:\/\/khachsan.svshop.vn\/wp-content\/uploads\/2023\/09\/sanh-Lys-e1534178632619-640x480-1-600x450.jpg 600w\" sizes=\"(max-width: 640px) 100vw, 640px\" \/>\t\t\t\t\t\t\t\t<\/a>\n\t\t\t\t\t\t\t\t\t\t\t\t\t\t\t<\/div>\n\t\t\t\t<\/div>\n\t\t\t\t\t<\/div>\n\t\t<\/div>\n\t\t\t\t<div class=\"elementor-column elementor-col-50 elementor-top-column elementor-element elementor-element-5ebb768\" data-id=\"5ebb768\" data-element_type=\"column\">\n\t\t\t<div class=\"elementor-widget-wrap elementor-element-populated\">\n\t\t\t\t\t\t<div class=\"elementor-element elementor-element-22fae01 elementor-widget elementor-widget-heading\" data-id=\"22fae01\" data-element_type=\"widget\" data-widget_type=\"heading.default\">\n\t\t\t\t<div class=\"elementor-widget-container\">\n\t\t\t\t\t<h2 class=\"elementor-heading-title elementor-size-default\"><a href=\"https:\/\/khachsan.svshop.vn\/index.php\/hoi-nghi\/\">H\u1ed9i ngh\u1ecb tr\u1ecdn g\u00f3i<\/a><\/h2>\t\t\t\t<\/div>\n\t\t\t\t<\/div>\n\t\t\t\t<div class=\"elementor-element elementor-element-a0fae7b elementor-widget elementor-widget-text-editor\" data-id=\"a0fae7b\" data-element_type=\"widget\" data-widget_type=\"text-editor.default\">\n\t\t\t\t<div class=\"elementor-widget-container\">\n\t\t\t\t\t\t\t\t\t<p>H\u1ed9i ngh\u1ecb tr\u1ecdn g\u00f3i, ch\u1ec9 t\u1eeb 89tr v\u1edbi s\u1ea3nh \u0111\u01b0\u1ee3c thi\u1ebft k\u1ebf theo y\u00eau c\u1ea7u, h\u1ec7 th\u1ed1ng \u00e2m thanh &#8211; \u00e1nh s\u00e1ng, \u0111\u00e8n led hi\u1ec7n \u0111\u1ea1i<\/p>\t\t\t\t\t\t\t\t<\/div>\n\t\t\t\t<\/div>\n\t\t\t\t\t<\/div>\n\t\t<\/div>\n\t\t\t\t\t<\/div>\n\t\t<\/section>\n\t\t\t\t<\/div>\n\t\t","protected":false},"excerpt":{"rendered":"<p>Ti\u1ec7c c\u01b0\u1edbi tr\u1ecdn g\u00f3i H\u00f4n nh\u00e2n \u0111\u01b0\u1ee3c \u0111\u00e1nh d\u1ea5u ch\u00ednh th\u1ee9c v\u00e0o th\u1eddi kh\u1eafc n\u00e0ng kho\u00e1c tr\u00ean m\u00ecnh chi\u1ebfc v\u00e1y c\u01b0\u1edbi \u0111\u1eb9p nh\u1ea5t, c\u00f9ng ch\u00e0ng h\u1ea1nh ph\u00fac ti\u1ebfn v\u1ec1 l\u1ec5 \u0111\u01b0\u1eddng trong s\u1ef1 ch\u1ee9ng ki\u1ebfn c\u1ee7a ng\u01b0\u1eddi th\u00e2n, b\u1ea1n b\u00e8. \u00a0 H\u1ed9i ngh\u1ecb tr\u1ecdn g\u00f3i H\u1ed9i ngh\u1ecb tr\u1ecdn g\u00f3i, ch\u1ec9 t\u1eeb 89tr v\u1edbi s\u1ea3nh \u0111\u01b0\u1ee3c &hellip;<\/p>\n<p class=\"read-more\"> <a class=\"\" href=\"https:\/\/khachsan.svshop.vn\/index.php\/khuyen-mai\/\"> <span class=\"screen-reader-text\">khuy\u1ebfn m\u00e3i<\/span> Read More &raquo;<\/a><\/p>\n","protected":false},"author":1,"featured_media":0,"parent":0,"menu_order":0,"comment_status":"closed","ping_status":"closed","template":"","meta":{"_eb_attr":"","site-sidebar-layout":"no-sidebar","site-content-layout":"page-builder","ast-site-content-layout":"full-width-container","site-content-style":"unboxed","site-sidebar-style":"unboxed","ast-global-header-display":"","ast-banner-title-visibility":"","ast-main-header-display":"","ast-hfb-above-header-display":"","ast-hfb-below-header-display":"","ast-hfb-mobile-header-display":"","site-post-title":"disabled","ast-breadcrumbs-content":"","ast-featured-img":"disabled","footer-sml-layout":"","theme-transparent-header-meta":"","adv-header-id-meta":"","stick-header-meta":"","header-above-stick-meta":"","header-main-stick-meta":"","header-below-stick-meta":"","astra-migrate-meta-layouts":"set","footnotes":""},"_links":{"self":[{"href":"https:\/\/khachsan.svshop.vn\/index.php\/wp-json\/wp\/v2\/pages\/2003"}],"collection":[{"href":"https:\/\/khachsan.svshop.vn\/index.php\/wp-json\/wp\/v2\/pages"}],"about":[{"href":"https:\/\/khachsan.svshop.vn\/index.php\/wp-json\/wp\/v2\/types\/page"}],"author":[{"embeddable":true,"href":"https:\/\/khachsan.svshop.vn\/index.php\/wp-json\/wp\/v2\/users\/1"}],"replies":[{"embeddable":true,"href":"https:\/\/khachsan.svshop.vn\/index.php\/wp-json\/wp\/v2\/comments?post=2003"}],"version-history":[{"count":10,"href":"https:\/\/khachsan.svshop.vn\/index.php\/wp-json\/wp\/v2\/pages\/2003\/revisions"}],"predecessor-version":[{"id":2044,"href":"https:\/\/khachsan.svshop.vn\/index.php\/wp-json\/wp\/v2\/pages\/2003\/revisions\/2044"}],"wp:attachment":[{"href":"https:\/\/khachsan.svshop.vn\/index.php\/wp-json\/wp\/v2\/media?parent=2003"}],"curies":[{"name":"wp","href":"https:\/\/api.w.org\/{rel}","templated":true}]}}