{"id":1995,"date":"2023-09-29T13:45:04","date_gmt":"2023-09-29T06:45:04","guid":{"rendered":"https:\/\/khachsan.svshop.vn\/?page_id=1995"},"modified":"2023-09-30T10:37:31","modified_gmt":"2023-09-30T03:37:31","slug":"tiec-cuoi","status":"publish","type":"page","link":"https:\/\/khachsan.svshop.vn\/index.php\/tiec-cuoi\/","title":{"rendered":"Ti\u1ec7c c\u01b0\u1edbi"},"content":{"rendered":"\t\t<div data-elementor-type=\"wp-page\" data-elementor-id=\"1995\" class=\"elementor elementor-1995\">\n\t\t\t\t\t\t<section class=\"elementor-section elementor-top-section elementor-element elementor-element-d63e7dc elementor-section-boxed elementor-section-height-default elementor-section-height-default\" data-id=\"d63e7dc\" data-element_type=\"section\">\n\t\t\t\t\t\t<div class=\"elementor-container elementor-column-gap-default\">\n\t\t\t\t\t<div class=\"elementor-column elementor-col-100 elementor-top-column elementor-element elementor-element-2537bdf\" data-id=\"2537bdf\" data-element_type=\"column\">\n\t\t\t<div class=\"elementor-widget-wrap\">\n\t\t\t\t\t\t\t<\/div>\n\t\t<\/div>\n\t\t\t\t\t<\/div>\n\t\t<\/section>\n\t\t\t\t<section class=\"elementor-section elementor-top-section elementor-element elementor-element-7e98e4a elementor-section-boxed elementor-section-height-default elementor-section-height-default\" data-id=\"7e98e4a\" data-element_type=\"section\">\n\t\t\t\t\t\t<div class=\"elementor-container elementor-column-gap-default\">\n\t\t\t\t\t<div class=\"elementor-column elementor-col-100 elementor-top-column elementor-element elementor-element-6debc97\" data-id=\"6debc97\" data-element_type=\"column\">\n\t\t\t<div class=\"elementor-widget-wrap elementor-element-populated\">\n\t\t\t\t\t\t<div class=\"elementor-element elementor-element-272ced4 elementor-widget elementor-widget-heading\" data-id=\"272ced4\" data-element_type=\"widget\" data-widget_type=\"heading.default\">\n\t\t\t\t<div class=\"elementor-widget-container\">\n\t\t\t\t\t<h2 class=\"elementor-heading-title elementor-size-default\">Ti\u1ec7c c\u01b0\u1edbi tr\u1ecdn g\u00f3i <\/h2>\t\t\t\t<\/div>\n\t\t\t\t<\/div>\n\t\t\t\t<div class=\"elementor-element elementor-element-7d5975f elementor-widget elementor-widget-image\" data-id=\"7d5975f\" data-element_type=\"widget\" data-widget_type=\"image.default\">\n\t\t\t\t<div class=\"elementor-widget-container\">\n\t\t\t\t\t\t\t\t\t\t\t\t\t\t\t<img fetchpriority=\"high\" decoding=\"async\" width=\"768\" height=\"512\" src=\"https:\/\/khachsan.svshop.vn\/wp-content\/uploads\/2023\/09\/squirrel-calibration-hangover-oak-kitten-8269175-768x512.jpg\" class=\"attachment-medium_large size-medium_large wp-image-1929\" alt=\"squirrel, calibration hangover, oak kitten-8269175.jpg\" srcset=\"https:\/\/khachsan.svshop.vn\/wp-content\/uploads\/2023\/09\/squirrel-calibration-hangover-oak-kitten-8269175-768x512.jpg 768w, https:\/\/khachsan.svshop.vn\/wp-content\/uploads\/2023\/09\/squirrel-calibration-hangover-oak-kitten-8269175-300x200.jpg 300w, https:\/\/khachsan.svshop.vn\/wp-content\/uploads\/2023\/09\/squirrel-calibration-hangover-oak-kitten-8269175-1024x682.jpg 1024w, https:\/\/khachsan.svshop.vn\/wp-content\/uploads\/2023\/09\/squirrel-calibration-hangover-oak-kitten-8269175-600x400.jpg 600w, https:\/\/khachsan.svshop.vn\/wp-content\/uploads\/2023\/09\/squirrel-calibration-hangover-oak-kitten-8269175.jpg 1280w\" sizes=\"(max-width: 768px) 100vw, 768px\" \/>\t\t\t\t\t\t\t\t\t\t\t\t\t\t\t<\/div>\n\t\t\t\t<\/div>\n\t\t\t\t\t<\/div>\n\t\t<\/div>\n\t\t\t\t\t<\/div>\n\t\t<\/section>\n\t\t\t\t<section class=\"elementor-section elementor-top-section elementor-element elementor-element-6b1af8d elementor-section-boxed elementor-section-height-default elementor-section-height-default\" data-id=\"6b1af8d\" data-element_type=\"section\">\n\t\t\t\t\t\t<div class=\"elementor-container elementor-column-gap-default\">\n\t\t\t\t\t<div class=\"elementor-column elementor-col-100 elementor-top-column elementor-element elementor-element-b8a7a78\" data-id=\"b8a7a78\" data-element_type=\"column\">\n\t\t\t<div class=\"elementor-widget-wrap elementor-element-populated\">\n\t\t\t\t\t\t<div class=\"elementor-element elementor-element-66efb8c elementor-widget elementor-widget-text-editor\" data-id=\"66efb8c\" data-element_type=\"widget\" data-widget_type=\"text-editor.default\">\n\t\t\t\t<div class=\"elementor-widget-container\">\n\t\t\t\t\t\t\t\t\t<p>H\u00f4n nh\u00e2n \u0111\u01b0\u1ee3c \u0111\u00e1nh d\u1ea5u ch\u00ednh th\u1ee9c v\u00e0o th\u1eddi kh\u1eafc n\u00e0ng kho\u00e1c tr\u00ean m\u00ecnh chi\u1ebfc v\u00e1y c\u01b0\u1edbi \u0111\u1eb9p nh\u1ea5t, c\u00f9ng ch\u00e0ng h\u1ea1nh ph\u00fac ti\u1ebfn v\u1ec1 l\u1ec5 \u0111\u01b0\u1eddng trong s\u1ef1 ch\u1ee9ng ki\u1ebfn c\u1ee7a ng\u01b0\u1eddi th\u00e2n, b\u1ea1n b\u00e8.<br>\u2665 Li\u00ean h\u00ea\u0323 ngay v\u01a1\u0301i C\u1eedu Long nh\u00e9, ch\u00fang t\u00f4i se\u0303 giu\u0301p ba\u0323n k\u1ec3 l\u1ea1i c\u00e2u chuy\u1ec7n t\u00ecnh y\u00eau qua t\u1eebng kho\u1ea3nh kh\u1eafc, &#8230;v\u00e0 hi\u00ea\u0323n th\u01b0\u0323c ho\u0301a m\u1ed9t l\u00ea\u0303 c\u01b0\u01a1\u0301i trong m\u01a1 tr\u1ecdn v\u1eb9n nh\u1ea5t cu\u1ed9c \u0111\u1eddi!<br>\u2665 Hotline: 099988765<br>\u2665 Facebook:&nbsp;<strong>Cuulongmythohotel<\/strong><br>&nbsp;&nbsp;T\u1eb7ng g\u00f3i trang tr\u00ed v\u00e0 ch\u01b0\u01a1ng tr\u00ecnh ti\u1ec7c c\u01b0\u1edbi l\u00ean \u0111\u1ebfn 40.000.000\u0111 (*)<br>&nbsp;&nbsp;Nh\u1eadn ngay voucher tr\u1ecb gi\u00e1 2.000.000\u0111 cho l\u1ea7n li\u00ean h\u1ec7 \u0111\u1ea7u ti\u00ean<br>&nbsp;&nbsp;T\u1eb7ng b\u00e0n ti\u1ec7c v\u00e0 ph\u00f2ng Honeymoon (*)<\/p>\t\t\t\t\t\t\t\t<\/div>\n\t\t\t\t<\/div>\n\t\t\t\t\t<\/div>\n\t\t<\/div>\n\t\t\t\t\t<\/div>\n\t\t<\/section>\n\t\t\t\t<\/div>\n\t\t","protected":false},"excerpt":{"rendered":"<p>Ti\u1ec7c c\u01b0\u1edbi tr\u1ecdn g\u00f3i H\u00f4n nh\u00e2n \u0111\u01b0\u1ee3c \u0111\u00e1nh d\u1ea5u ch\u00ednh th\u1ee9c v\u00e0o th\u1eddi kh\u1eafc n\u00e0ng kho\u00e1c tr\u00ean m\u00ecnh chi\u1ebfc v\u00e1y c\u01b0\u1edbi \u0111\u1eb9p nh\u1ea5t, c\u00f9ng ch\u00e0ng h\u1ea1nh ph\u00fac ti\u1ebfn v\u1ec1 l\u1ec5 \u0111\u01b0\u1eddng trong s\u1ef1 ch\u1ee9ng ki\u1ebfn c\u1ee7a ng\u01b0\u1eddi th\u00e2n, b\u1ea1n b\u00e8.\u2665 Li\u00ean h\u00ea\u0323 ngay v\u01a1\u0301i C\u1eedu Long nh\u00e9, ch\u00fang t\u00f4i se\u0303 giu\u0301p ba\u0323n k\u1ec3 l\u1ea1i c\u00e2u &hellip;<\/p>\n<p class=\"read-more\"> <a class=\"\" href=\"https:\/\/khachsan.svshop.vn\/index.php\/tiec-cuoi\/\"> <span class=\"screen-reader-text\">Ti\u1ec7c c\u01b0\u1edbi<\/span> Read More &raquo;<\/a><\/p>\n","protected":false},"author":1,"featured_media":0,"parent":0,"menu_order":0,"comment_status":"closed","ping_status":"closed","template":"","meta":{"_eb_attr":"","site-sidebar-layout":"no-sidebar","site-content-layout":"page-builder","ast-site-content-layout":"full-width-container","site-content-style":"default","site-sidebar-style":"default","ast-global-header-display":"","ast-banner-title-visibility":"","ast-main-header-display":"","ast-hfb-above-header-display":"","ast-hfb-below-header-display":"","ast-hfb-mobile-header-display":"","site-post-title":"disabled","ast-breadcrumbs-content":"","ast-featured-img":"disabled","footer-sml-layout":"","theme-transparent-header-meta":"","adv-header-id-meta":"","stick-header-meta":"","header-above-stick-meta":"","header-main-stick-meta":"","header-below-stick-meta":"","astra-migrate-meta-layouts":"","footnotes":""},"_links":{"self":[{"href":"https:\/\/khachsan.svshop.vn\/index.php\/wp-json\/wp\/v2\/pages\/1995"}],"collection":[{"href":"https:\/\/khachsan.svshop.vn\/index.php\/wp-json\/wp\/v2\/pages"}],"about":[{"href":"https:\/\/khachsan.svshop.vn\/index.php\/wp-json\/wp\/v2\/types\/page"}],"author":[{"embeddable":true,"href":"https:\/\/khachsan.svshop.vn\/index.php\/wp-json\/wp\/v2\/users\/1"}],"replies":[{"embeddable":true,"href":"https:\/\/khachsan.svshop.vn\/index.php\/wp-json\/wp\/v2\/comments?post=1995"}],"version-history":[{"count":7,"href":"https:\/\/khachsan.svshop.vn\/index.php\/wp-json\/wp\/v2\/pages\/1995\/revisions"}],"predecessor-version":[{"id":2038,"href":"https:\/\/khachsan.svshop.vn\/index.php\/wp-json\/wp\/v2\/pages\/1995\/revisions\/2038"}],"wp:attachment":[{"href":"https:\/\/khachsan.svshop.vn\/index.php\/wp-json\/wp\/v2\/media?parent=1995"}],"curies":[{"name":"wp","href":"https:\/\/api.w.org\/{rel}","templated":true}]}}