{"id":1990,"date":"2023-09-29T13:27:28","date_gmt":"2023-09-29T06:27:28","guid":{"rendered":"https:\/\/khachsan.svshop.vn\/?page_id=1990"},"modified":"2023-09-29T15:29:51","modified_gmt":"2023-09-29T08:29:51","slug":"hoi-nghi","status":"publish","type":"page","link":"https:\/\/khachsan.svshop.vn\/index.php\/hoi-nghi\/","title":{"rendered":"H\u1ed9i ngh\u1ecb"},"content":{"rendered":"\t\t<div data-elementor-type=\"wp-page\" data-elementor-id=\"1990\" class=\"elementor elementor-1990\">\n\t\t\t\t\t\t<section class=\"elementor-section elementor-top-section elementor-element elementor-element-2cb2d0e elementor-section-boxed elementor-section-height-default elementor-section-height-default\" data-id=\"2cb2d0e\" data-element_type=\"section\">\n\t\t\t\t\t\t<div class=\"elementor-container elementor-column-gap-default\">\n\t\t\t\t\t<div class=\"elementor-column elementor-col-100 elementor-top-column elementor-element elementor-element-bc022a5\" data-id=\"bc022a5\" data-element_type=\"column\">\n\t\t\t<div class=\"elementor-widget-wrap\">\n\t\t\t\t\t\t\t<\/div>\n\t\t<\/div>\n\t\t\t\t\t<\/div>\n\t\t<\/section>\n\t\t\t\t<section class=\"elementor-section elementor-top-section elementor-element elementor-element-9c42d18 elementor-section-boxed elementor-section-height-default elementor-section-height-default\" data-id=\"9c42d18\" data-element_type=\"section\">\n\t\t\t\t\t\t<div class=\"elementor-container elementor-column-gap-default\">\n\t\t\t\t\t<div class=\"elementor-column elementor-col-100 elementor-top-column elementor-element elementor-element-2f5f2b3\" data-id=\"2f5f2b3\" data-element_type=\"column\">\n\t\t\t<div class=\"elementor-widget-wrap elementor-element-populated\">\n\t\t\t\t\t\t<div class=\"elementor-element elementor-element-baf890e elementor-widget elementor-widget-heading\" data-id=\"baf890e\" data-element_type=\"widget\" data-widget_type=\"heading.default\">\n\t\t\t\t<div class=\"elementor-widget-container\">\n\t\t\t\t\t<h2 class=\"elementor-heading-title elementor-size-default\">H\u1ed9i ngh\u1ecb tr\u1ecdn g\u00f3i<\/h2>\t\t\t\t<\/div>\n\t\t\t\t<\/div>\n\t\t\t\t<div class=\"elementor-element elementor-element-d938dca elementor-widget elementor-widget-image\" data-id=\"d938dca\" data-element_type=\"widget\" data-widget_type=\"image.default\">\n\t\t\t\t<div class=\"elementor-widget-container\">\n\t\t\t\t\t\t\t\t\t\t\t\t\t\t\t<img fetchpriority=\"high\" decoding=\"async\" width=\"768\" height=\"512\" src=\"https:\/\/khachsan.svshop.vn\/wp-content\/uploads\/2023\/09\/squirrel-calibration-hangover-oak-kitten-8269175-768x512.jpg\" class=\"attachment-medium_large size-medium_large wp-image-1929\" alt=\"squirrel, calibration hangover, oak kitten-8269175.jpg\" srcset=\"https:\/\/khachsan.svshop.vn\/wp-content\/uploads\/2023\/09\/squirrel-calibration-hangover-oak-kitten-8269175-768x512.jpg 768w, https:\/\/khachsan.svshop.vn\/wp-content\/uploads\/2023\/09\/squirrel-calibration-hangover-oak-kitten-8269175-300x200.jpg 300w, https:\/\/khachsan.svshop.vn\/wp-content\/uploads\/2023\/09\/squirrel-calibration-hangover-oak-kitten-8269175-1024x682.jpg 1024w, https:\/\/khachsan.svshop.vn\/wp-content\/uploads\/2023\/09\/squirrel-calibration-hangover-oak-kitten-8269175-600x400.jpg 600w, https:\/\/khachsan.svshop.vn\/wp-content\/uploads\/2023\/09\/squirrel-calibration-hangover-oak-kitten-8269175.jpg 1280w\" sizes=\"(max-width: 768px) 100vw, 768px\" \/>\t\t\t\t\t\t\t\t\t\t\t\t\t\t\t<\/div>\n\t\t\t\t<\/div>\n\t\t\t\t\t<\/div>\n\t\t<\/div>\n\t\t\t\t\t<\/div>\n\t\t<\/section>\n\t\t\t\t<section class=\"elementor-section elementor-top-section elementor-element elementor-element-b3b45d5 elementor-section-boxed elementor-section-height-default elementor-section-height-default\" data-id=\"b3b45d5\" data-element_type=\"section\">\n\t\t\t\t\t\t<div class=\"elementor-container elementor-column-gap-default\">\n\t\t\t\t\t<div class=\"elementor-column elementor-col-100 elementor-top-column elementor-element elementor-element-8fbbcbb\" data-id=\"8fbbcbb\" data-element_type=\"column\">\n\t\t\t<div class=\"elementor-widget-wrap elementor-element-populated\">\n\t\t\t\t\t\t<div class=\"elementor-element elementor-element-c019550 elementor-widget elementor-widget-text-editor\" data-id=\"c019550\" data-element_type=\"widget\" data-widget_type=\"text-editor.default\">\n\t\t\t\t<div class=\"elementor-widget-container\">\n\t\t\t\t\t\t\t\t\t<p>\u00a0<\/p><p><strong>H\u1ed9i ngh\u1ecb tr\u1ecdn g\u00f3i, ch\u1ec9 t\u1eeb 89.000++\/PAX v\u1edbi nh\u1eefng \u01b0u \u0111\u00e3i bao g\u1ed3m:<\/strong><br \/>\u00a0\u00a0Set up s\u1ea3nh hi\u1ec7n \u0111\u1ea1i theo y\u00eau c\u1ea7u<br \/>\u00a0\u00a0Teabreak \u0111\u1ea7u gi\u1edd ho\u1eb7c gi\u1eefa gi\u1edd<br \/>\u00a0\u00a0N\u01b0\u1edbc su\u1ed1i, Gi\u1ea5y, Vi\u1ebft<br \/>\u00a0\u00a0Trang thi\u1ebft b\u1ecb ph\u00f2ng h\u1ecdp<br \/>\u00a0 H\u1ec7 th\u1ed1ng \u00e2m thanh, \u00e1nh s\u00e1ng, s\u00e2n kh\u1ea5u<br \/>\u00a0\u00a0M\u00e0n h\u00ecnh LED hi\u1ec7n \u0111\u1ea1i<br \/><strong>Li\u00ean h\u1ec7:<\/strong><br \/>\u00a0\u00a0(0273) 626 6666<br \/>\u00a0 cuulonghotel@tiengiangtourist.com<br \/>\u00a0\u00a00932 89 66 99<\/p>\t\t\t\t\t\t\t\t<\/div>\n\t\t\t\t<\/div>\n\t\t\t\t\t<\/div>\n\t\t<\/div>\n\t\t\t\t\t<\/div>\n\t\t<\/section>\n\t\t\t\t<\/div>\n\t\t","protected":false},"excerpt":{"rendered":"<p>H\u1ed9i ngh\u1ecb tr\u1ecdn g\u00f3i \u00a0 H\u1ed9i ngh\u1ecb tr\u1ecdn g\u00f3i, ch\u1ec9 t\u1eeb 89.000++\/PAX v\u1edbi nh\u1eefng \u01b0u \u0111\u00e3i bao g\u1ed3m:\u00a0\u00a0Set up s\u1ea3nh hi\u1ec7n \u0111\u1ea1i theo y\u00eau c\u1ea7u\u00a0\u00a0Teabreak \u0111\u1ea7u gi\u1edd ho\u1eb7c gi\u1eefa gi\u1edd\u00a0\u00a0N\u01b0\u1edbc su\u1ed1i, Gi\u1ea5y, Vi\u1ebft\u00a0\u00a0Trang thi\u1ebft b\u1ecb ph\u00f2ng h\u1ecdp\u00a0 H\u1ec7 th\u1ed1ng \u00e2m thanh, \u00e1nh s\u00e1ng, s\u00e2n kh\u1ea5u\u00a0\u00a0M\u00e0n h\u00ecnh LED hi\u1ec7n \u0111\u1ea1iLi\u00ean h\u1ec7:\u00a0\u00a0(0273) 626 6666\u00a0 cuulonghotel@tiengiangtourist.com\u00a0\u00a00932 89 66 &hellip;<\/p>\n<p class=\"read-more\"> <a class=\"\" href=\"https:\/\/khachsan.svshop.vn\/index.php\/hoi-nghi\/\"> <span class=\"screen-reader-text\">H\u1ed9i ngh\u1ecb<\/span> Read More &raquo;<\/a><\/p>\n","protected":false},"author":1,"featured_media":0,"parent":0,"menu_order":0,"comment_status":"closed","ping_status":"closed","template":"","meta":{"_eb_attr":"","site-sidebar-layout":"no-sidebar","site-content-layout":"page-builder","ast-site-content-layout":"full-width-container","site-content-style":"default","site-sidebar-style":"default","ast-global-header-display":"","ast-banner-title-visibility":"","ast-main-header-display":"","ast-hfb-above-header-display":"","ast-hfb-below-header-display":"","ast-hfb-mobile-header-display":"","site-post-title":"disabled","ast-breadcrumbs-content":"","ast-featured-img":"disabled","footer-sml-layout":"","theme-transparent-header-meta":"","adv-header-id-meta":"","stick-header-meta":"","header-above-stick-meta":"","header-main-stick-meta":"","header-below-stick-meta":"","astra-migrate-meta-layouts":"","footnotes":""},"_links":{"self":[{"href":"https:\/\/khachsan.svshop.vn\/index.php\/wp-json\/wp\/v2\/pages\/1990"}],"collection":[{"href":"https:\/\/khachsan.svshop.vn\/index.php\/wp-json\/wp\/v2\/pages"}],"about":[{"href":"https:\/\/khachsan.svshop.vn\/index.php\/wp-json\/wp\/v2\/types\/page"}],"author":[{"embeddable":true,"href":"https:\/\/khachsan.svshop.vn\/index.php\/wp-json\/wp\/v2\/users\/1"}],"replies":[{"embeddable":true,"href":"https:\/\/khachsan.svshop.vn\/index.php\/wp-json\/wp\/v2\/comments?post=1990"}],"version-history":[{"count":6,"href":"https:\/\/khachsan.svshop.vn\/index.php\/wp-json\/wp\/v2\/pages\/1990\/revisions"}],"predecessor-version":[{"id":2012,"href":"https:\/\/khachsan.svshop.vn\/index.php\/wp-json\/wp\/v2\/pages\/1990\/revisions\/2012"}],"wp:attachment":[{"href":"https:\/\/khachsan.svshop.vn\/index.php\/wp-json\/wp\/v2\/media?parent=1990"}],"curies":[{"name":"wp","href":"https:\/\/api.w.org\/{rel}","templated":true}]}}