{"id":1726,"date":"2023-09-20T15:25:23","date_gmt":"2023-09-20T08:25:23","guid":{"rendered":"https:\/\/khachsan.svshop.vn\/?page_id=1726"},"modified":"2023-09-20T15:27:24","modified_gmt":"2023-09-20T08:27:24","slug":"dieu-khoan","status":"publish","type":"page","link":"https:\/\/khachsan.svshop.vn\/index.php\/dieu-khoan\/","title":{"rendered":"\u0110i\u1ec1u kho\u1ea3n"},"content":{"rendered":"\t\t<div data-elementor-type=\"wp-page\" data-elementor-id=\"1726\" class=\"elementor elementor-1726\">\n\t\t\t\t\t\t<section class=\"elementor-section elementor-top-section elementor-element elementor-element-33c6cf3 elementor-section-full_width elementor-section-height-default elementor-section-height-default\" data-id=\"33c6cf3\" data-element_type=\"section\" data-settings=\"{&quot;background_background&quot;:&quot;classic&quot;}\">\n\t\t\t\t\t\t\t<div class=\"elementor-background-overlay\"><\/div>\n\t\t\t\t\t\t\t<div class=\"elementor-container elementor-column-gap-default\">\n\t\t\t\t\t<div class=\"elementor-column elementor-col-100 elementor-top-column elementor-element elementor-element-32a56b9\" data-id=\"32a56b9\" data-element_type=\"column\">\n\t\t\t<div class=\"elementor-widget-wrap elementor-element-populated\">\n\t\t\t\t\t\t<div class=\"elementor-element elementor-element-f9894ff elementor-widget elementor-widget-heading\" data-id=\"f9894ff\" data-element_type=\"widget\" data-widget_type=\"heading.default\">\n\t\t\t\t<div class=\"elementor-widget-container\">\n\t\t\t\t\t<h2 class=\"elementor-heading-title elementor-size-default\">\u0110I\u1ec0U KHO\u1ea2N<\/h2>\t\t\t\t<\/div>\n\t\t\t\t<\/div>\n\t\t\t\t\t<\/div>\n\t\t<\/div>\n\t\t\t\t\t<\/div>\n\t\t<\/section>\n\t\t\t\t<section class=\"elementor-section elementor-top-section elementor-element elementor-element-afce20d elementor-section-boxed elementor-section-height-default elementor-section-height-default\" data-id=\"afce20d\" data-element_type=\"section\">\n\t\t\t\t\t\t<div class=\"elementor-container elementor-column-gap-default\">\n\t\t\t\t\t<div class=\"elementor-column elementor-col-100 elementor-top-column elementor-element elementor-element-907b5d7\" data-id=\"907b5d7\" data-element_type=\"column\">\n\t\t\t<div class=\"elementor-widget-wrap elementor-element-populated\">\n\t\t\t\t\t\t<div class=\"elementor-element elementor-element-863350a elementor-widget elementor-widget-text-editor\" data-id=\"863350a\" data-element_type=\"widget\" data-widget_type=\"text-editor.default\">\n\t\t\t\t<div class=\"elementor-widget-container\">\n\t\t\t\t\t\t\t\t\t<p>C\u00e1c \u0111i\u1ec1u kho\u1ea3n v\u00e0 \u0111i\u1ec1u ki\u1ec7n n\u00e0y \u00e1p d\u1ee5ng cho V\u00ed Booking.com (V\u00ed (Wallet)) v\u00e0 Ti\u1ec1n trong V\u00ed (Ti\u1ec1n (Credits)) \u0111\u01b0\u1ee3c t\u1ea1o b\u1edfi Booking.com B.V.<\/p><p>Booking.com B.V. (g\u1ecdi t\u1eaft l\u00e0 \u201cBooking.com\u201d) l\u00e0 m\u1ed9t c\u00f4ng ty TNHH t\u01b0 nh\u00e2n \u0111\u01b0\u1ee3c t\u1ed5 ch\u1ee9c theo lu\u1eadt H\u00e0 Lan v\u00e0 c\u00f3 v\u0103n ph\u00f2ng \u0111\u0103ng k\u00fd t\u1ea1i Herengracht 597, 1017 CE Amsterdam, H\u00e0 Lan v\u00e0 s\u1edf h\u1eefu v\u00e0 v\u1eadn h\u00e0nh n\u1ec1n t\u1ea3ng khachsan.svshop.vn. Khi b\u1ea1n t\u1ea1o, s\u1eed d\u1ee5ng V\u00ed, ki\u1ebfm v\u00e0\/ho\u1eb7c quy \u0111\u1ed5i Ti\u1ec1n, \u0111\u1ed3ng ngh\u0129a v\u1edbi vi\u1ec7c b\u1ea1n (\u201cTh\u00e0nh vi\u00ean\u201d) \u0111\u1ed3ng \u00fd v\u00e0 ch\u1ea5p nh\u1eadn c\u00e1c \u0111i\u1ec1u kho\u1ea3n v\u00e0 \u0111i\u1ec1u ki\u1ec7n n\u00e0y.<\/p><p><strong>S\u1eed d\u1ee5ng<\/strong><\/p><p>T\u00edn d\u1ee5ng V\u00ed ch\u1ec9 c\u00f3 th\u1ec3 \u0111\u01b0\u1ee3c s\u1eed d\u1ee5ng \u0111\u1ec3 mua c\u00e1c s\u1ea3n ph\u1ea9m h\u1ee3p l\u1ec7 tr\u00ean khachsan.svshop.vn v\u00e0 ch\u1ec9 c\u00f3 th\u1ec3 \u0111\u1ea1t \u0111\u01b0\u1ee3c, ki\u1ebfm \u0111\u01b0\u1ee3c v\u00e0 \u0111\u01b0\u1ee3c s\u1eed d\u1ee5ng theo c\u00e1c quy t\u1eafc v\u00e0 h\u01b0\u1edbng d\u1eabn trong c\u00e1c \u0111i\u1ec1u kho\u1ea3n v\u00e0 \u0111i\u1ec1u ki\u1ec7n n\u00e0y. \u0110\u1ec3 s\u1eed d\u1ee5ng T\u00edn d\u1ee5ng, b\u1ea1n c\u1ea7n c\u00f3 m\u1ed9t t\u00e0i kho\u1ea3n v\u1edbi Booking.com. Ti\u1ec1n mua h\u00e0ng \u0111\u01b0\u1ee3c tr\u1eeb v\u00e0o s\u1ed1 d\u01b0 trong V\u00ed Booking.com c\u1ee7a ng\u01b0\u1eddi mua. B\u1ea5t k\u1ef3 s\u1ed1 d\u01b0 n\u00e0o ch\u01b0a s\u1eed d\u1ee5ng s\u1ebd v\u1eabn \u0111\u01b0\u1ee3c li\u00ean k\u1ebft v\u1edbi t\u00e0i kho\u1ea3n Booking.com c\u1ee7a ng\u01b0\u1eddi mua v\u00e0 \u0111\u01b0\u1ee3c \u00e1p d\u1ee5ng cho c\u00e1c l\u1ea7n mua h\u00e0ng theo th\u1ee9 t\u1ef1 h\u1ebft h\u1ea1n tr\u01b0\u1edbc d\u00f9ng tr\u01b0\u1edbc. N\u1ebfu mua h\u00e0ng v\u01b0\u1ee3t qu\u00e1 s\u1ed1 d\u01b0 trong V\u00ed Booking.com c\u1ee7a ng\u01b0\u1eddi mua, s\u1ed1 ti\u1ec1n c\u00f2n l\u1ea1i ph\u1ea3i \u0111\u01b0\u1ee3c thanh to\u00e1n ngay b\u1eb1ng m\u1ed9t ph\u01b0\u01a1ng th\u1ee9c thanh to\u00e1n c\u00f3 s\u1eb5n v\u00e0 \u0111\u01b0\u1ee3c ch\u1ea5p nh\u1eadn kh\u00e1c. Trong tr\u01b0\u1eddng h\u1ee3p b\u1ea1n ch\u01b0a k\u1ecbp th\u1eddi thanh to\u00e1n b\u1ea5t k\u1ef3 s\u1ed1 d\u01b0 c\u00f2n l\u1ea1i n\u00e0o, vi\u1ec7c \u0111\u1eb7t ch\u1ed7 ho\u1eb7c mua h\u00e0ng c\u1ee7a b\u1ea1n (n\u1ebfu c\u00f3) c\u00f3 th\u1ec3 b\u1ecb h\u1ee7y (kh\u00f4ng c\u1ea7n th\u00f4ng b\u00e1o th\u00eam (tr\u01b0\u1edbc)) v\u00e0 b\u1ea1n s\u1ebd b\u1ecb m\u1ea5t quy\u1ec1n s\u1edf h\u1eefu b\u1ea5t k\u1ef3 T\u00edn d\u1ee5ng n\u00e0o v\u00e0 kh\u00f4ng \u0111\u01b0\u1ee3c ho\u00e0n l\u1ea1i b\u1ea5t c\u1ee9 kho\u1ea3n n\u00e0o (tr\u1eeb khi \u0111\u01b0\u1ee3c nh\u00e0 cung c\u1ea5p d\u1ecbch v\u1ee5 du l\u1ecbch c\u00f3 li\u00ean quan ch\u1ea5p thu\u1eadn). Booking.com t\u1eeb ch\u1ed1i m\u1ecdi tr\u00e1ch nhi\u1ec7m ph\u00e1p l\u00fd \u0111\u1ed1i v\u1edbi b\u1ea5t k\u1ef3 kho\u1ea3n T\u00edn d\u1ee5ng n\u00e0o \u0111\u00e3 \u0111\u01b0\u1ee3c s\u1eed d\u1ee5ng, h\u1ee7y b\u1ecf, h\u1ebft h\u1ea1n ho\u1eb7c m\u1ea5t quy\u1ec1n s\u1eed d\u1ee5ng.<\/p><p><strong>Tu\u00e2n th\u1ee7 theo c\u00e1c \u0111i\u1ec1u kho\u1ea3n V\u00ed<\/strong><\/p><p>Th\u00e0nh vi\u00ean \u0111\u1ea3m b\u1ea3o t\u00ednh ch\u00ednh x\u00e1c c\u1ee7a t\u1ea5t c\u1ea3 c\u00e1c th\u00f4ng tin \u0111\u01b0a ra, bao g\u1ed3m nh\u01b0ng kh\u00f4ng gi\u1edbi h\u1ea1n \u1edf \u0111\u1ecba ch\u1ec9 g\u1eedi th\u01b0 v\u00e0 \u0111\u1ecba ch\u1ec9 email v\u00e0 s\u1ebd t\u1ef1 ch\u1ecbu tr\u00e1ch nhi\u1ec7m v\u1ec1 m\u1ecdi th\u00f4ng tin sai l\u1ec7ch, kh\u00f4ng \u0111\u1ea7y \u0111\u1ee7 ho\u1eb7c kh\u00f4ng c\u1eadp nh\u1eadt. T\u1ea5t c\u1ea3 d\u1eef li\u1ec7u, bao g\u1ed3m d\u1eef li\u1ec7u c\u00e1 nh\u00e2n s\u1ebd \u0111\u01b0\u1ee3c s\u1eed d\u1ee5ng v\u00e0 trao \u0111\u1ed5i b\u1edfi Booking.com v\u00e0 c\u00e1c \u0111\u1ed1i t\u00e1c c\u1ee7a m\u00ecnh theo y\u00eau c\u1ea7u c\u1ee7a ch\u01b0\u01a1ng tr\u00ecnh V\u00ed ho\u1eb7c theo d\u1ecbch v\u1ee5 m\u00e0 T\u00edn d\u1ee5ng \u0111\u01b0\u1ee3c s\u1eed d\u1ee5ng. T\u1ea5t c\u1ea3 d\u1eef li\u1ec7u c\u00e1 nh\u00e2n li\u00ean quan \u0111\u1ebfn s\u1ef1 tham gia c\u1ee7a Th\u00e0nh vi\u00ean v\u00e0o ch\u01b0\u01a1ng tr\u00ecnh V\u00ed s\u1ebd \u0111\u01b0\u1ee3c x\u1eed l\u00fd v\u00e0 s\u1eed d\u1ee5ng v\u1edbi m\u1ee5c \u0111\u00edch ph\u1ee5c v\u1ee5 tri\u1ec3n khai v\u00e0 th\u1ef1c hi\u1ec7n ch\u01b0\u01a1ng tr\u00ecnh V\u00ed theo lu\u1eadt v\u00e0 quy \u0111\u1ecbnh b\u1ea3o v\u1ec7 d\u1eef li\u1ec7u hi\u1ec7n h\u00e0nh. \u0110\u1ec3 bi\u1ebft th\u00eam chi ti\u1ebft, ch\u00fang t\u00f4i xin gi\u1edbi thi\u1ec7u ch\u00ednh s\u00e1ch quy\u1ec1n ri\u00eang t\u01b0 c\u1ee7a Booking.com c\u00f3 t\u1ea1i khachsan.svshop.vn ho\u1eb7c trong \u1ee9ng d\u1ee5ng Booking.com.<\/p><p>Th\u00e0nh vi\u00ean khi \u0111\u01b0\u1ee3c Booking.com y\u00eau c\u1ea7u l\u1ea7n \u0111\u1ea7u s\u1ebd cung c\u1ea5p b\u1eb1ng ch\u1ee9ng nh\u00e2n d\u1ea1ng h\u1ee3p l\u1ec7. Kh\u00f4ng th\u1ef1c hi\u1ec7n \u0111\u01b0\u1ee3c trong v\u00f2ng 30 ng\u00e0y s\u1ebd t\u1ef1 \u0111\u1ed9ng d\u1eabn \u0111\u1ebfn vi\u1ec7c \u0111\u00ecnh ch\u1ec9 ho\u1eb7c ch\u1ea5m d\u1ee9t t\u01b0 c\u00e1ch th\u00e0nh vi\u00ean V\u00ed v\u00e0 t\u1ecbch thu t\u1ea5t c\u1ea3 Ti\u1ec1n \u0111\u00e3 t\u00edch l\u0169y. Quy\u1ec1n truy c\u1eadp V\u00ed (th\u00f4ng tin \u0111\u0103ng nh\u1eadp) ho\u1eb7c Ti\u1ec1n b\u1ecb m\u1ea5t m\u00e1t, tr\u1ed9m c\u1eafp ho\u1eb7c h\u01b0 h\u1ecfng l\u00e0 r\u1ee7i ro c\u1ee7a Th\u00e0nh vi\u00ean v\u00e0 \u0111\u01b0\u1ee3c t\u00ednh v\u00e0o t\u00e0i kho\u1ea3n c\u1ee7a Th\u00e0nh vi\u00ean. Ti\u1ec1n b\u1ecb m\u1ea5t, b\u1ecb \u0111\u00e1nh c\u1eafp ho\u1eb7c h\u1ebft h\u1ea1n s\u1ebd kh\u00f4ng \u0111\u01b0\u1ee3c ho\u00e0n tr\u1ea3, thay th\u1ebf ho\u1eb7c gia h\u1ea1n.<\/p><p><strong>C\u00e1c gi\u1edbi h\u1ea1n<\/strong><\/p><p>T\u00edn d\u1ee5ng V\u00ed c\u00f3 th\u1eddi gian h\u1ebft h\u1ea1n do Booking.com quy\u1ebft \u0111\u1ecbnh trong t\u1eebng th\u1eddi \u0111i\u1ec3m. Th\u1eddi gian h\u1ebft h\u1ea1n kh\u00e1c nhau c\u00f3 th\u1ec3 \u0111\u01b0\u1ee3c \u00e1p d\u1ee5ng cho c\u00e1c kho\u1ea3n T\u00edn d\u1ee5ng kh\u00e1c nhau. Ng\u00e0y h\u1ebft h\u1ea1n c\u1ee7a m\u1ed7i kho\u1ea3n T\u00edn d\u1ee5ng \u0111\u01b0\u1ee3c hi\u1ec3n th\u1ecb tr\u00ean khachsan.svshop.vn trong ph\u1ea7n c\u00e0i \u0111\u1eb7t t\u00e0i kho\u1ea3n ng\u01b0\u1eddi d\u00f9ng. T\u00edn d\u1ee5ng kh\u00f4ng th\u1ec3 \u0111\u01b0\u1ee3c chuy\u1ec3n \u0111\u1ed5i ho\u1eb7c nh\u1eadn (l\u1ea1i) b\u1eb1ng ti\u1ec1n m\u1eb7t ho\u1eb7c \u0111\u01b0\u1ee3c chi tr\u1ea3. V\u00e0o b\u1ea5t k\u1ef3 th\u1eddi \u0111i\u1ec3m n\u00e0o v\u00e0 kh\u00f4ng c\u1ea7n th\u00f4ng b\u00e1o tr\u01b0\u1edbc, Booking.com c\u00f3 quy\u1ec1n b\u00f9 tr\u1eeb v\u00e0 quy\u1ebft to\u00e1n b\u1ea5t k\u1ef3 kho\u1ea3n T\u00edn d\u1ee5ng n\u00e0o \u0111\u1ed1i v\u1edbi b\u1ea5t k\u1ef3 kho\u1ea3n b\u1ed3i th\u01b0\u1eddng n\u00e0o m\u00e0 Booking.com c\u00f3 th\u1ec3 y\u00eau c\u1ea7u b\u1ea1n tr\u1ea3.<\/p><p>Ch\u01b0\u01a1ng tr\u00ecnh Wallet ch\u1ec9 d\u00e0nh cho nh\u1eefng ng\u01b0\u1eddi t\u1eeb 18 tu\u1ed5i tr\u1edf l\u00ean. T\u1ea5t c\u1ea3 nh\u1eefng ng\u01b0\u1eddi \u0111\u0103ng k\u00fd l\u00e0m th\u00e0nh vi\u00ean c\u1ee7a ch\u01b0\u01a1ng tr\u00ecnh V\u00ed s\u1ebd \u0111\u01b0\u1ee3c coi l\u00e0 \u0111\u00e3 \u0111\u1ecdc, hi\u1ec3u v\u00e0 ch\u1ea5p nh\u1eadn c\u00e1c \u0111i\u1ec1u kho\u1ea3n v\u00e0 \u0111i\u1ec1u ki\u1ec7n n\u00e0y. Booking.com c\u00f3 quy\u1ec1n t\u1eeb ch\u1ed1i t\u01b0 c\u00e1ch th\u00e0nh vi\u00ean \u0111\u1ed1i v\u1edbi b\u1ea5t k\u1ef3 ng\u01b0\u1eddi n\u00e0o kh\u00f4ng \u0111\u00e1p \u1ee9ng c\u00e1c y\u00eau c\u1ea7u tham gia (do Booking.com \u0111\u1eb7t ra trong t\u1eebng th\u1eddi \u0111i\u1ec3m).<\/p><p>Trong m\u1ecdi tr\u01b0\u1eddng h\u1ee3p, kh\u00f4ng \u0111\u01b0\u1ee3c chuy\u1ec3n giao, truy\u1ec1n l\u1ea1i, chuy\u1ec3n nh\u01b0\u1ee3ng, th\u1ebf ch\u1ea5p, nh\u01b0\u1ee3ng l\u1ea1i, b\u00e1n (l\u1ea1i) V\u00ed v\u00e0 Ti\u1ec1n ho\u1eb7c k\u1ebft h\u1ee3p c\u00e1c h\u00ecnh th\u1ee9c n\u00f3i tr\u00ean, cho d\u00f9 chuy\u1ec3n \u0111\u1ed5i c\u00f3 t\u01b0\u01a1ng \u0111\u01b0\u01a1ng v\u1ec1 gi\u00e1 tr\u1ecb hay kh\u00f4ng, cho b\u1ea5t k\u1ef3 b\u00ean th\u1ee9 ba n\u00e0o (d\u00f9 ng\u01b0\u1eddi \u0111\u00f3 c\u00f3 t\u00e0i kho\u1ea3n hay kh\u00f4ng). Trong tr\u01b0\u1eddng h\u1ee3p Th\u00e0nh vi\u00ean t\u1eed vong, Booking.com s\u1ebd \u0111\u00f3ng t\u00e0i kho\u1ea3n Th\u00e0nh vi\u00ean \u0111\u00f3 v\u00e0 h\u1ee7y t\u1ea5t c\u1ea3 Ti\u1ec1n m\u00e0 Th\u00e0nh vi\u00ean c\u00f3 li\u00ean quan \u0111\u00f3 ki\u1ebfm \u0111\u01b0\u1ee3c khi nh\u1eadn \u0111\u01b0\u1ee3c gi\u1ea5y ch\u1ee9ng t\u1eed.<\/p><p>T\u1ea5t c\u1ea3 c\u00e1c khi\u1ebfu n\u1ea1i v\u1ec1 T\u00edn d\u1ee5ng h\u1ed3i t\u1ed1 ph\u1ea3i \u0111\u01b0\u1ee3c th\u1ef1c hi\u1ec7n trong v\u00f2ng s\u00e1u (6) th\u00e1ng sau khi giao d\u1ecbch h\u1ee3p l\u1ec7 c\u00f3 li\u00ean quan \u0111\u00f3 ph\u00e1t sinh nghi v\u1ea5n. Khi\u1ebfu n\u1ea1i ph\u1ea3i \u0111\u01b0\u1ee3c g\u1eedi \u0111\u1ebfn Trung t\u00e2m D\u1ecbch v\u1ee5 Kh\u00e1ch h\u00e0ng b\u1eb1ng th\u01b0 th\u00f4ng th\u01b0\u1eddng (xem b\u00ean d\u01b0\u1edbi) v\u00e0 ph\u1ea3i \u0111\u01b0\u1ee3c h\u1ed7 tr\u1ee3 b\u1edfi c\u00e1c t\u00e0i li\u1ec7u li\u00ean quan. B\u1ea5t c\u1ee9 l\u00fac n\u00e0o Booking.com c\u0169ng c\u00f3 quy\u1ec1n y\u00eau c\u1ea7u cung c\u1ea5p t\u1ea5t c\u1ea3 c\u00e1c t\u00e0i li\u1ec7u ch\u1ee9ng c\u1ee9 v\u1ec1 kho\u1ea3n T\u00edn d\u1ee5ng t\u00edch l\u0169y. T\u00e0i li\u1ec7u g\u1eedi \u0111\u1ebfn Trung t\u00e2m D\u1ecbch v\u1ee5 Kh\u00e1ch h\u00e0ng kh\u00f4ng \u0111\u01b0\u1ee3c tr\u1ea3 l\u1ea1i; do \u0111\u00f3 b\u1ea1n n\u00ean gi\u1eef b\u1ea3n sao c\u1ee7a c\u00e1c t\u00e0i li\u1ec7u \u0111\u00f3.<\/p><p><strong>Gian l\u1eadn<\/strong><\/p><p>Trong tr\u01b0\u1eddng h\u1ee3p c\u00f3 quan ng\u1ea1i li\u00ean quan \u0111\u1ebfn gian l\u1eadn, l\u1ea1m d\u1ee5ng ho\u1eb7c c\u01b0 x\u1eed kh\u00f4ng \u0111\u00fang m\u1ef1c, Booking.com v\u1eabn c\u00f3 quy\u1ec1n \u0111\u01b0\u1ee3c \u0111\u00f3ng t\u00e0i kho\u1ea3n \u0111\u01a1n ph\u01b0\u01a1ng v\u00e0 kh\u00f4ng c\u1ea7n th\u00f4ng b\u00e1o, \u0111\u1ed3ng th\u1eddi b\u1ea1n s\u1ebd m\u1ea5t quy\u1ec1n s\u1edf h\u1eefu t\u1ea5t c\u1ea3 T\u00edn d\u1ee5ng (s\u1ebd ngay l\u1eadp t\u1ee9c b\u1ecb t\u1ecbch thu, h\u1ebft h\u1ea1n v\u00e0 h\u1ee7y b\u1ecf). Booking.com b\u1ea3o l\u01b0u quy\u1ec1n ghi n\u1ee3 t\u00e0i kho\u1ea3n c\u1ee7a b\u1ea5t k\u1ef3 Th\u00e0nh vi\u00ean n\u00e0o \u0111\u00e3 ki\u1ebfm \u0111\u01b0\u1ee3c T\u00edn d\u1ee5ng kh\u00f4ng ch\u00ednh \u0111\u00e1ng ho\u1eb7c vi ph\u1ea1m c\u00e1c \u0111i\u1ec1u kho\u1ea3n v\u00e0 \u0111i\u1ec1u ki\u1ec7n n\u00e0y.<\/p><p><strong>Vi ph\u1ea1m c\u00e1c \u0110i\u1ec1u kho\u1ea3n v\u00e0 \u0110i\u1ec1u ki\u1ec7n n\u00e0y khi s\u1eed d\u1ee5ng V\u00ed Booking.com<\/strong><\/p><p>Khi b\u1ea1n s\u1eed d\u1ee5ng V\u00ed ngh\u0129a l\u00e0 b\u1ea1n \u0111\u1ed3ng \u00fd tu\u00e2n th\u1ee7 c\u00e1c \u0111i\u1ec1u kho\u1ea3n v\u00e0 \u0111i\u1ec1u ki\u1ec7n n\u00e0y v\u00e0 \u0111\u1ed3ng \u00fd kh\u00f4ng s\u1eed d\u1ee5ng V\u00ed v\u00e0 T\u00edn d\u1ee5ng theo b\u1ea5t k\u1ef3 c\u00e1ch th\u1ee9c n\u00e0o g\u00e2y hi\u1ec3u l\u1ea7m, l\u1eeba \u0111\u1ea3o, kh\u00f4ng c\u00f4ng b\u1eb1ng ho\u1eb7c c\u00f3 h\u1ea1i cho Booking.com, c\u00e1c b\u00ean li\u00ean k\u1ebft ho\u1eb7c kh\u00e1ch h\u00e0ng c\u1ee7a Booking.com. Booking.com b\u1ea3o l\u01b0u quy\u1ec1n \u0111\u00ecnh ch\u1ec9 ho\u1eb7c ch\u1ea5m d\u1ee9t V\u00ed v\u00e0 m\u1ecdi s\u1ed1 d\u01b0 li\u00ean quan kh\u00f4ng ho\u00e0n l\u1ea1i ti\u1ec1n, \u0111\u00ecnh ch\u1ec9 ho\u1eb7c ch\u1ea5m d\u1ee9t t\u00e0i kho\u1ea3n kh\u00e1ch h\u00e0ng, \u0111\u00ecnh ch\u1ec9 ho\u1eb7c ch\u1ea5m d\u1ee9t kh\u1ea3 n\u0103ng s\u1eed d\u1ee5ng d\u1ecbch v\u1ee5 c\u1ee7a ch\u00fang t\u00f4i, h\u1ee7y, t\u1ecbch thu, l\u00e0m cho h\u1ebft h\u1ea1n v\u00e0 m\u1ea5t quy\u1ec1n s\u1edf h\u1eefu T\u00edn d\u1ee5ng, h\u1ee7y ho\u1eb7c gi\u1edbi h\u1ea1n \u0111\u01a1n \u0111\u1eb7t h\u00e0ng v\u00e0 l\u1eadp h\u00f3a \u0111\u01a1n c\u00e1c h\u00ecnh th\u1ee9c thanh to\u00e1n thay th\u1ebf m\u00e0 kh\u00f4ng c\u1ea7n th\u00f4ng b\u00e1o v\u1edbi b\u1ea1n, n\u1ebfu ch\u00fang t\u00f4i nghi ng\u1edd r\u1eb1ng V\u00ed ho\u1eb7c T\u00edn d\u1ee5ng \u0111\u01b0\u1ee3c s\u1eed d\u1ee5ng ho\u1eb7c \u00e1p d\u1ee5ng cho m\u1ed9t t\u00e0i kho\u1ea3n Booking.com (ho\u1eb7c s\u1ed1 d\u01b0 Booking.com c\u1ee7a b\u1ea1n \u0111\u01b0\u1ee3c \u00e1p d\u1ee5ng cho m\u1ed9t l\u1ea7n mua h\u00e0ng) m\u1ed9t c\u00e1ch gian l\u1eadn, b\u1ea5t h\u1ee3p ph\u00e1p, ho\u1eb7c vi ph\u1ea1m c\u00e1c \u0111i\u1ec1u kho\u1ea3n v\u00e0 \u0111i\u1ec1u ki\u1ec7n n\u00e0y.<\/p><p><strong>Lu\u1eadt \u0110i\u1ec1u ch\u1ec9nh v\u00e0 C\u01a1 quan t\u00e0i ph\u00e1n<\/strong><\/p><p>C\u00e1c \u0111i\u1ec1u kho\u1ea3n v\u00e0 \u0111i\u1ec1u ki\u1ec7n n\u00e0y \u0111\u01b0\u1ee3c \u0111i\u1ec1u ch\u1ec9nh v\u00e0 hi\u1ec3u theo lu\u1eadt H\u00e0 Lan. B\u1ea1n v\u00e0 Booking.com m\u1ed7i b\u00ean \u0111\u1ed3ng \u00fd \u0111\u1ec7 tr\u00ecnh l\u00ean c\u01a1 quan t\u00e0i ph\u00e1n duy nh\u1ea5t l\u00e0 t\u00f2a \u00e1n t\u1ea1i H\u00e0 Lan. B\u1ea1n \u0111\u1ed3ng \u00fd b\u1ed3i th\u01b0\u1eddng cho Booking.com \u0111\u1ed1i v\u1edbi t\u1ea5t c\u1ea3 c\u00e1c khi\u1ebfu n\u1ea1i do b\u00ean th\u1ee9 ba \u0111\u01b0a ra ch\u1ed1ng l\u1ea1i Booking.com ho\u1eb7c c\u00e1c c\u00f4ng ty li\u00ean k\u1ebft c\u1ee7a Booking.com ph\u00e1t sinh t\u1eeb ho\u1eb7c li\u00ean quan \u0111\u1ebfn vi\u1ec7c vi ph\u1ea1m b\u1ea5t k\u1ef3 \u0111i\u1ec1u g\u00ec c\u1ee7a nh\u1eefng \u0111i\u1ec1u kho\u1ea3n v\u00e0 \u0111i\u1ec1u ki\u1ec7n n\u00e0y.<\/p><p><strong>(H\u1ea1n ch\u1ebf v\u1ec1) Tr\u00e1ch nhi\u1ec7m<\/strong><\/p><p>Ch\u00fang t\u00f4i kh\u00f4ng \u0111\u1ea3m b\u1ea3o, d\u00f9 r\u00f5 r\u00e0ng hay ng\u1ea7m \u0111\u1ecbnh, \u0111\u1ed1i v\u1edbi s\u1ed1 d\u01b0 V\u00ed, bao g\u1ed3m nh\u01b0ng kh\u00f4ng gi\u1edbi h\u1ea1n \u1edf b\u1ea5t k\u1ef3 s\u1ef1 \u0111\u1ea3m b\u1ea3o r\u00f5 r\u00e0ng hay ng\u1ea7m \u0111\u1ecbnh n\u00e0o v\u1ec1 kh\u1ea3 n\u0103ng b\u00e1n \u0111\u01b0\u1ee3c ho\u1eb7c s\u1ef1 ph\u00f9 h\u1ee3p cho m\u1ed9t m\u1ee5c \u0111\u00edch c\u1ee5 th\u1ec3. N\u1ebfu lu\u1eadt hi\u1ec7n h\u00e0nh kh\u00f4ng cho ph\u00e9p gi\u1edbi h\u1ea1n v\u1ec1 b\u1ea3o \u0111\u1ea3m ng\u1ea7m \u0111\u1ecbnh ho\u1eb7c lo\u1ea1i tr\u1eeb ho\u1eb7c gi\u1edbi h\u1ea1n c\u1ee7a m\u1ed9t s\u1ed1 thi\u1ec7t h\u1ea1i nh\u1ea5t \u0111\u1ecbnh, m\u1ed9t s\u1ed1 ho\u1eb7c t\u1ea5t c\u1ea3 c\u00e1c t\u1eeb ch\u1ed1i, lo\u1ea1i tr\u1eeb ho\u1eb7c gi\u1edbi h\u1ea1n \u1edf tr\u00ean c\u00f3 th\u1ec3 kh\u00f4ng \u00e1p d\u1ee5ng cho b\u1ea1n v\u00e0 b\u1ea1n c\u00f3 th\u1ec3 c\u00f3 c\u00e1c quy\u1ec1n b\u1ed5 sung.<\/p><p>Th\u00e0nh vi\u00ean ch\u1ecbu tr\u00e1ch nhi\u1ec7m cho m\u1ecdi y\u00eau c\u1ea7u \u0111\u00f2i b\u1ed3i th\u01b0\u1eddng t\u1eeb b\u00ean th\u1ee9 ba, bao g\u1ed3m c\u1ea3 c\u01a1 quan thu\u1ebf, ph\u00e1t sinh t\u1eeb t\u01b0 c\u00e1ch th\u00e0nh vi\u00ean trong ch\u01b0\u01a1ng tr\u00ecnh ho\u1eb7c t\u1eeb vi\u1ec7c s\u1eed d\u1ee5ng ch\u01b0\u01a1ng tr\u00ecnh V\u00ed v\u00e0 Ti\u1ec1n.<\/p><p>Booking.com s\u1ebd kh\u00f4ng ch\u1ecbu tr\u00e1ch nhi\u1ec7m v\u1ec1 b\u1ea5t k\u1ef3 t\u1ed5n th\u1ea5t, chi ph\u00ed n\u00e0o (bao g\u1ed3m, nh\u01b0ng kh\u00f4ng gi\u1edbi h\u1ea1n \u1edf ph\u00ed lu\u1eadt s\u01b0), tai n\u1ea1n ho\u1eb7c s\u1ef1 phi\u1ec1n ph\u1ee9c n\u00e0o c\u00f3 th\u1ec3 ph\u00e1t sinh li\u00ean quan \u0111\u1ebfn vi\u1ec7c s\u1eed d\u1ee5ng ho\u1eb7c quy \u0111\u1ed5i Ti\u1ec1n.<\/p><p>C\u00e1c gi\u1edbi h\u1ea1n v\u1ec1 tr\u00e1ch nhi\u1ec7m ph\u00e1p l\u00fd nh\u01b0 \u0111\u01b0\u1ee3c quy \u0111\u1ecbnh trong c\u00e1c \u0111i\u1ec1u kho\u1ea3n v\u00e0 \u0111i\u1ec1u ki\u1ec7n c\u1ee7a Booking.com (\u0111\u1ed1i v\u1edbi vi\u1ec7c s\u1eed d\u1ee5ng trang web\/\u1ee9ng d\u1ee5ng v\u00e0 d\u1ecbch v\u1ee5 \u0111\u1eb7t ph\u00f2ng tr\u1ef1c tuy\u1ebfn) c\u00f3 tr\u00ean trang khachsan.svshop.vn ho\u1eb7c \u1ee9ng d\u1ee5ng Booking.com s\u1ebd \u0111\u01b0\u1ee3c \u00e1p d\u1ee5ng \u0111\u1ea7y \u0111\u1ee7 (v\u00e0 theo \u0111\u00e2y \u0111\u01b0\u1ee3c coi l\u00e0 h\u1ee3p nh\u1ea5t v\u00e0 t\u1ea1o th\u00e0nh m\u1ed9t ph\u1ea7n kh\u00f4ng th\u1ec3 thi\u1ebfu c\u1ee7a c\u00e1c \u0111i\u1ec1u kho\u1ea3n v\u00e0 \u0111i\u1ec1u ki\u1ec7n n\u00e0y).<\/p><p><strong>\u0110i\u1ec1u kho\u1ea3n chung<\/strong><\/p><p>Booking.com b\u1ea3o l\u01b0u quy\u1ec1n h\u1ee7y, thay th\u1ebf v\u00e0 thay \u0111\u1ed5i c\u00e1c \u0111i\u1ec1u kho\u1ea3n v\u00e0 \u0111i\u1ec1u ki\u1ec7n n\u00e0y c\u1ee7a V\u00ed (bao g\u1ed3m c\u1ea3 c\u01a1 c\u1ea5u t\u00edch l\u0169y v\u00e0 quy \u0111\u1ed5i) do Booking.com t\u1ef1 quy\u1ebft trong t\u1eebng th\u1eddi \u0111i\u1ec3m m\u00e0 kh\u00f4ng c\u1ea7n th\u00f4ng b\u00e1o tr\u01b0\u1edbc. T\u1ea5t c\u1ea3 c\u00e1c \u0111i\u1ec1u kho\u1ea3n v\u00e0 \u0111i\u1ec1u ki\u1ec7n \u0111\u01b0\u1ee3c \u00e1p d\u1ee5ng trong ph\u1ea1m vi m\u00e0 ph\u00e1p lu\u1eadt cho ph\u00e9p. Th\u00e0nh vi\u00ean kh\u00f4ng \u0111\u01b0\u1ee3c y\u00eau c\u1ea7u b\u1ed3i th\u01b0\u1eddng thi\u1ec7t h\u1ea1i \u0111\u1ed1i v\u1edbi Booking.com v\u1edbi l\u00fd do l\u00e0 do s\u1ef1 thay \u0111\u1ed5i b\u1eaft bu\u1ed9c v\u1ec1 m\u1eb7t ph\u00e1p l\u00fd c\u1ee7a qu\u1ed1c gia c\u1ee5 th\u1ec3.<\/p><p>Booking.com c\u00f3 th\u1ec3 ch\u1ea5m d\u1ee9t Ch\u01b0\u01a1ng tr\u00ecnh V\u00ed b\u1ea5t c\u1ee9 l\u00fac n\u00e0o v\u00e0 v\u00ec b\u1ea5t k\u1ef3 l\u00fd do g\u00ec. Booking.com s\u1ebd c\u00f3 nh\u1eefng n\u1ed7 l\u1ef1c ph\u00f9 h\u1ee3p \u0111\u1ec3 th\u00f4ng b\u00e1o tr\u01b0\u1edbc cho Th\u00e0nh vi\u00ean v\u1ec1 vi\u1ec7c ch\u1ea5m d\u1ee9t ch\u01b0\u01a1ng tr\u00ecnh V\u00ed. N\u1ebfu Booking.com ch\u1ea5m d\u1ee9t h\u1ee3p \u0111\u1ed3ng, t\u1ea5t c\u1ea3 T\u00edn d\u1ee5ng s\u1ebd h\u1ebft h\u1ea1n sau s\u00e1u th\u00e1ng k\u1ec3 t\u1eeb khi th\u00f4ng b\u00e1o ch\u1ea5m d\u1ee9t ho\u1eb7c sau ng\u00e0y hi\u1ec7u l\u1ef1c c\u1ee7a T\u00edn d\u1ee5ng \u0111\u01b0\u1ee3c \u00e1p d\u1ee5ng, t\u00f9y theo tr\u01b0\u1eddng h\u1ee3p n\u00e0o x\u1ea3y ra tr\u01b0\u1edbc.<\/p><p>Booking.com b\u1ea3o l\u01b0u quy\u1ec1n ki\u1ec3m to\u00e1n b\u1ea5t k\u1ef3 v\u00e0 t\u1ea5t c\u1ea3 c\u00e1c t\u00e0i kho\u1ea3n trong ch\u01b0\u01a1ng tr\u00ecnh V\u00ed b\u1ea5t c\u1ee9 l\u00fac n\u00e0o v\u00e0 kh\u00f4ng c\u1ea7n th\u00f4ng b\u00e1o v\u1edbi Th\u00e0nh vi\u00ean \u0111\u1ec3 \u0111\u1ea3m b\u1ea3o tu\u00e2n th\u1ee7 ch\u01b0\u01a1ng tr\u00ecnh V\u00ed ho\u1eb7c \u0111\u1ec3 \u0111i\u1ec1u tra (c\u00e1o bu\u1ed9c) gian l\u1eadn ho\u1eb7c l\u1ea1m d\u1ee5ng.<\/p><p><strong>Th\u00f4ng tin li\u00ean l\u1ea1c<\/strong><\/p><p><!-- \/wp:paragraph --><!-- wp:paragraph --> <!-- \/wp:paragraph --><!-- wp:paragraph --> <!-- \/wp:paragraph --><!-- wp:paragraph --> <!-- \/wp:paragraph --><!-- wp:paragraph --> <!-- \/wp:paragraph --><!-- wp:paragraph --> <!-- \/wp:paragraph --><!-- wp:paragraph --> <!-- \/wp:paragraph --><!-- wp:paragraph --> <!-- \/wp:paragraph --><!-- wp:paragraph --> <!-- \/wp:paragraph --><!-- wp:paragraph --> <!-- \/wp:paragraph --><!-- wp:paragraph --> <!-- \/wp:paragraph --><!-- wp:paragraph --> <!-- \/wp:paragraph --><!-- wp:paragraph --> <!-- \/wp:paragraph --><!-- wp:paragraph --> <!-- \/wp:paragraph --><!-- wp:paragraph --> <!-- \/wp:paragraph --><!-- wp:paragraph --> <!-- \/wp:paragraph --><!-- wp:paragraph --> <!-- \/wp:paragraph --><!-- wp:paragraph --> <!-- \/wp:paragraph --><!-- wp:paragraph --> <!-- \/wp:paragraph --><!-- wp:paragraph --> <!-- \/wp:paragraph --><!-- wp:paragraph --> <!-- \/wp:paragraph --><!-- wp:paragraph --> <!-- \/wp:paragraph --><!-- wp:paragraph --> <!-- \/wp:paragraph --><!-- wp:paragraph --> <!-- \/wp:paragraph --><!-- wp:paragraph --> <!-- \/wp:paragraph --><!-- wp:paragraph --> <!-- \/wp:paragraph --><!-- wp:paragraph --> <!-- \/wp:paragraph --><!-- wp:paragraph --> <!-- \/wp:paragraph --><!-- wp:paragraph --><\/p><p>D\u1ecbch v\u1ee5 Kh\u00e1ch h\u00e0ng c\u1ee7a khachsan.svshop.vn \u00a0ho\u1eb7c huynhloitg@gmail.com<\/p>\t\t\t\t\t\t\t\t<\/div>\n\t\t\t\t<\/div>\n\t\t\t\t\t<\/div>\n\t\t<\/div>\n\t\t\t\t\t<\/div>\n\t\t<\/section>\n\t\t\t\t<\/div>\n\t\t","protected":false},"excerpt":{"rendered":"<p>\u0110I\u1ec0U KHO\u1ea2N C\u00e1c \u0111i\u1ec1u kho\u1ea3n v\u00e0 \u0111i\u1ec1u ki\u1ec7n n\u00e0y \u00e1p d\u1ee5ng cho V\u00ed Booking.com (V\u00ed (Wallet)) v\u00e0 Ti\u1ec1n trong V\u00ed (Ti\u1ec1n (Credits)) \u0111\u01b0\u1ee3c t\u1ea1o b\u1edfi Booking.com B.V.Booking.com B.V. (g\u1ecdi t\u1eaft l\u00e0 \u201cBooking.com\u201d) l\u00e0 m\u1ed9t c\u00f4ng ty TNHH t\u01b0 nh\u00e2n \u0111\u01b0\u1ee3c t\u1ed5 ch\u1ee9c theo lu\u1eadt H\u00e0 Lan v\u00e0 c\u00f3 v\u0103n ph\u00f2ng \u0111\u0103ng k\u00fd t\u1ea1i Herengracht 597, &hellip;<\/p>\n<p class=\"read-more\"> <a class=\"\" href=\"https:\/\/khachsan.svshop.vn\/index.php\/dieu-khoan\/\"> <span class=\"screen-reader-text\">\u0110i\u1ec1u kho\u1ea3n<\/span> Read More &raquo;<\/a><\/p>\n","protected":false},"author":1,"featured_media":0,"parent":0,"menu_order":0,"comment_status":"closed","ping_status":"closed","template":"","meta":{"_eb_attr":"","site-sidebar-layout":"no-sidebar","site-content-layout":"page-builder","ast-site-content-layout":"full-width-container","site-content-style":"default","site-sidebar-style":"default","ast-global-header-display":"","ast-banner-title-visibility":"","ast-main-header-display":"","ast-hfb-above-header-display":"","ast-hfb-below-header-display":"","ast-hfb-mobile-header-display":"","site-post-title":"disabled","ast-breadcrumbs-content":"","ast-featured-img":"disabled","footer-sml-layout":"","theme-transparent-header-meta":"","adv-header-id-meta":"","stick-header-meta":"","header-above-stick-meta":"","header-main-stick-meta":"","header-below-stick-meta":"","astra-migrate-meta-layouts":"set","footnotes":""},"_links":{"self":[{"href":"https:\/\/khachsan.svshop.vn\/index.php\/wp-json\/wp\/v2\/pages\/1726"}],"collection":[{"href":"https:\/\/khachsan.svshop.vn\/index.php\/wp-json\/wp\/v2\/pages"}],"about":[{"href":"https:\/\/khachsan.svshop.vn\/index.php\/wp-json\/wp\/v2\/types\/page"}],"author":[{"embeddable":true,"href":"https:\/\/khachsan.svshop.vn\/index.php\/wp-json\/wp\/v2\/users\/1"}],"replies":[{"embeddable":true,"href":"https:\/\/khachsan.svshop.vn\/index.php\/wp-json\/wp\/v2\/comments?post=1726"}],"version-history":[{"count":4,"href":"https:\/\/khachsan.svshop.vn\/index.php\/wp-json\/wp\/v2\/pages\/1726\/revisions"}],"predecessor-version":[{"id":1731,"href":"https:\/\/khachsan.svshop.vn\/index.php\/wp-json\/wp\/v2\/pages\/1726\/revisions\/1731"}],"wp:attachment":[{"href":"https:\/\/khachsan.svshop.vn\/index.php\/wp-json\/wp\/v2\/media?parent=1726"}],"curies":[{"name":"wp","href":"https:\/\/api.w.org\/{rel}","templated":true}]}}